{"id":8,"date":"2019-04-21T00:00:00","date_gmt":"2019-04-21T00:00:00","guid":{"rendered":"https:\/\/free-dating.eu\/cz\/awpcp\/edit-ad\/"},"modified":"2019-04-22T23:48:50","modified_gmt":"2019-04-22T21:48:50","slug":"upravit-inzerat-seznameni","status":"publish","type":"page","link":"https:\/\/free-dating.eu\/cz\/inzeraty-seznameni\/upravit-inzerat-seznameni\/","title":{"rendered":"Upravit inzer\u00e1t sezn\u00e1men\u00ed"},"content":{"rendered":"\n<div class=\" awpcp-page\" id=\"classiwrapper\">\n\n    \n    \n<div>\n    <form method=\"post\" action=\"https:\/\/free-dating.eu\/cz\/wp-json\/wp\/v2\/pages\/8\">\n                <input type=\"hidden\" name=\"attempts\" value=\"1\" \/>\n                <input type=\"hidden\" name=\"step\" value=\"enter-access-key\" \/>\n        \n        <h2>Email a p\u0159\u00edstupov\u00fd kl\u00ed\u010d<\/h2>\n\n        <p class=\"awpcp-form-spacer\">\n            <label for=\"ad-email\">Zadejte va\u0161i emailovou adresu.<\/label>\n            <input class=\"awpcp-textfield inputbox\" id=\"ad-email\" type=\"text\" size=\"50\" name=\"ad_email\" value=\"\" \/>\n                    <\/p>\n\n        <p class=\"awpcp-form-spacer\">\n            <label for=\"ad-key\">Zadejte p\u0159\u00edstupov\u00fd kl\u00ed\u010d va\u0161eho inzer\u00e1tu<\/label>\n            <input class=\"awpcp-textfield inputbox\" id=\"ad-key\" type=\"text\" size=\"50\" name=\"ad_key\" value=\"\" \/>\n                        <br><a href=\"https:\/\/free-dating.eu\/cz\/wp-json\/wp\/v2\/pages\/8?step=send-access-key\">Sem klikn\u011bte pro odesl\u00e1n\u00ed p\u0159\u00edstupov\u00e9ho kl\u00ed\u010de.<\/a>\n        <\/p>\n\n        <input type=\"submit\" class=\"button\" value=\"Pokra\u010dovat\" \/>\n    <\/form>\n<\/div>\n<\/div>\n\n","protected":false},"excerpt":{"rendered":"","protected":false},"author":1,"featured_media":0,"parent":5,"menu_order":0,"comment_status":"closed","ping_status":"closed","template":"","meta":{"_sitemap_exclude":false,"_sitemap_priority":"","_sitemap_frequency":"","footnotes":""},"class_list":["post-8","page","type-page","status-publish","hentry"],"aioseo_notices":[],"_links":{"self":[{"href":"https:\/\/free-dating.eu\/cz\/wp-json\/wp\/v2\/pages\/8","targetHints":{"allow":["GET"]}}],"collection":[{"href":"https:\/\/free-dating.eu\/cz\/wp-json\/wp\/v2\/pages"}],"about":[{"href":"https:\/\/free-dating.eu\/cz\/wp-json\/wp\/v2\/types\/page"}],"author":[{"embeddable":true,"href":"https:\/\/free-dating.eu\/cz\/wp-json\/wp\/v2\/users\/1"}],"replies":[{"embeddable":true,"href":"https:\/\/free-dating.eu\/cz\/wp-json\/wp\/v2\/comments?post=8"}],"version-history":[{"count":1,"href":"https:\/\/free-dating.eu\/cz\/wp-json\/wp\/v2\/pages\/8\/revisions"}],"predecessor-version":[{"id":31,"href":"https:\/\/free-dating.eu\/cz\/wp-json\/wp\/v2\/pages\/8\/revisions\/31"}],"up":[{"embeddable":true,"href":"https:\/\/free-dating.eu\/cz\/wp-json\/wp\/v2\/pages\/5"}],"wp:attachment":[{"href":"https:\/\/free-dating.eu\/cz\/wp-json\/wp\/v2\/media?parent=8"}],"curies":[{"name":"wp","href":"https:\/\/api.w.org\/{rel}","templated":true}]}}