{"id":7,"date":"2019-04-21T00:00:00","date_gmt":"2019-04-21T00:00:00","guid":{"rendered":"https:\/\/free-dating.eu\/cz\/awpcp\/reply-to-ad\/"},"modified":"2019-04-22T23:48:50","modified_gmt":"2019-04-22T21:48:50","slug":"odpovedet-na-inzerat-seznameni","status":"publish","type":"page","link":"https:\/\/free-dating.eu\/cz\/inzeraty-seznameni\/odpovedet-na-inzerat-seznameni\/","title":{"rendered":"Odpov\u011bd\u011bt na inzer\u00e1t sezn\u00e1men\u00ed"},"content":{"rendered":"\n<div class=\"awpcp-reply-to-ad awpcp-page\" id=\"classiwrapper\">\n\n            <ul class=\"awpcp-classifieds-menu awpcp-clearfix\" data-breakpoints='{\"tiny\": [0,400], \"small\": [400,500]}' data-breakpoints-class-prefix=\"awpcp-classifieds-menu\">\n    <li class=\"awpcp-classifieds-menu--menu-item awpcp-classifieds-menu--post-listing-menu-item\">\n        <a class=\"awpcp-classifieds-menu--menu-item-link button\" href=\"https:\/\/free-dating.eu\/cz\/inzeraty-seznameni\/pridat-inzerat-seznameni\">P\u0159idat inzer\u00e1t sezn\u00e1men\u00ed<\/a>\n    <\/li>\n    <li class=\"awpcp-classifieds-menu--menu-item awpcp-classifieds-menu--edit-listing-menu-item\">\n        <a class=\"awpcp-classifieds-menu--menu-item-link button\" href=\"https:\/\/free-dating.eu\/cz\/inzeraty-seznameni\/upravit-inzerat-seznameni\">Upravit inzer\u00e1t sezn\u00e1men\u00ed<\/a>\n    <\/li>\n    <li class=\"awpcp-classifieds-menu--menu-item awpcp-classifieds-menu--browse-listings-menu-item\">\n        <a class=\"awpcp-classifieds-menu--menu-item-link button\" href=\"https:\/\/free-dating.eu\/cz\/inzeraty-seznameni\/prochazet\">Proch\u00e1zet<\/a>\n    <\/li>\n<\/ul>\n    \n    <div class=\"awpcp-message awpcp-error notice notice-error error\"><p>Uveden\u00fd inzer\u00e1t neexistuje.<\/p><\/div><\/div>\n\n","protected":false},"excerpt":{"rendered":"","protected":false},"author":1,"featured_media":0,"parent":5,"menu_order":0,"comment_status":"closed","ping_status":"closed","template":"","meta":{"_sitemap_exclude":false,"_sitemap_priority":"","_sitemap_frequency":"","footnotes":""},"class_list":["post-7","page","type-page","status-publish","hentry"],"aioseo_notices":[],"_links":{"self":[{"href":"https:\/\/free-dating.eu\/cz\/wp-json\/wp\/v2\/pages\/7","targetHints":{"allow":["GET"]}}],"collection":[{"href":"https:\/\/free-dating.eu\/cz\/wp-json\/wp\/v2\/pages"}],"about":[{"href":"https:\/\/free-dating.eu\/cz\/wp-json\/wp\/v2\/types\/page"}],"author":[{"embeddable":true,"href":"https:\/\/free-dating.eu\/cz\/wp-json\/wp\/v2\/users\/1"}],"replies":[{"embeddable":true,"href":"https:\/\/free-dating.eu\/cz\/wp-json\/wp\/v2\/comments?post=7"}],"version-history":[{"count":1,"href":"https:\/\/free-dating.eu\/cz\/wp-json\/wp\/v2\/pages\/7\/revisions"}],"predecessor-version":[{"id":30,"href":"https:\/\/free-dating.eu\/cz\/wp-json\/wp\/v2\/pages\/7\/revisions\/30"}],"up":[{"embeddable":true,"href":"https:\/\/free-dating.eu\/cz\/wp-json\/wp\/v2\/pages\/5"}],"wp:attachment":[{"href":"https:\/\/free-dating.eu\/cz\/wp-json\/wp\/v2\/media?parent=7"}],"curies":[{"name":"wp","href":"https:\/\/api.w.org\/{rel}","templated":true}]}}