{"id":66,"date":"2019-04-23T23:16:59","date_gmt":"2019-04-23T21:16:59","guid":{"rendered":"https:\/\/free-dating.eu\/cz\/?page_id=66"},"modified":"2022-02-06T19:22:59","modified_gmt":"2022-02-06T18:22:59","slug":"srovnani-11-nejlepsich-seznamek-v-cr","status":"publish","type":"page","link":"https:\/\/free-dating.eu\/cz\/srovnani-11-nejlepsich-seznamek-v-cr\/","title":{"rendered":"Srovn\u00e1n\u00ed 11 nejlep\u0161\u00edch seznamek v \u010cR"},"content":{"rendered":"\t\t\t\t\t\t<div class=\"wpsm-comptable-wrap\">\r\n\t\t\t\t<table id=\"wpsm-table-3\" class=\"wpsm-comptable  wpsm-comptable-responsive\">\r\n\t\t\t\t\t\t\t\t\t<thead class=\"wpsm-thead wpsm-thead-red\">\r\n\t\t\t\t\t\t<tr>\t\t\t\t\t\t\t\r\n\t\t\t\t\t\t\t\t\t\t\t\t\t\t\t\t\t\t\t\t\t\t\t\t<th>Seznamka<\/th>\r\n\t\t\t\t\t\t\t\t\t\r\n\t\t\t\t\t\t\t\t\r\n\t\t\t\t\t\t\t\t\t\t\t\t\t\t\t\t\t\t\t\t\t\t\t\t<th><\/th>\r\n\t\t\t\t\t\t\t\t\t\r\n\t\t\t\t\t\t\t\t\r\n\t\t\t\t\t\t\t\t\t\t\t\t\t\t\t\t\t\t\t\t\t\t\t\t<th>Popis<\/th>\r\n\t\t\t\t\t\t\t\t\t\r\n\t\t\t\t\t\t\t\t\r\n\t\t\t\t\t\t\t\t\t\t\t\t\t\t\t\t\t\t\t\t\t\t\t\t<th>V\u00edce info<\/th>\r\n\t\t\t\t\t\t\t\t\t\r\n\t\t\t\t\t\t\t\t\r\n\t\t\t\t\t\t\t\t\t\t\t\t\t<\/tr>\r\n\t\t\t\t\t<\/thead>\r\n\t\t\t\t\t<tbody class=\"wpsm-tbody\">\r\n\t\t\t\t\t\t\t\t\t\t\t\t\t\t\t\t<tr class=\"subheader\">\t\t\t\t\t\t\t\t\t\t\t\t\t\t\t<td colspan=\"4\">\t\t\t\t\t\t\t\t\t\t\t\t\t\t\t\t\t\t\t\t\t\t\t\t\t\t<i class=\"wpsm-table-icon wpsm-icon-heart\"><\/i> Nejlep\u0161\u00ed seznamky s registrac\u00ed ZDARMA <i class=\"wpsm-table-icon wpsm-icon-heart\"><\/i>\t\t\t\t\t\t\t\t\t\t\t\t\t\t\t\t<\/td>\r\n\t\t\t\t\t\t\t\t\t\t\t\t\t\t<\/tr>\r\n\t\t\t\t\t\t\t\t\t\t\t\t\t\t\t\t<tr>\t\t\t\t\t\t\t\t\t\t\t\t\t\t\t<td>\t\t\t\t\t\t\t\t\t\t\t\t\t\t\t\t\t\t\t\t\t\t\t\t\t\t<span class=\"badge_div_row\"><\/span><a href=\"https:\/\/free-dating.eu\/cz\/singles50\/\"><img src =\"https:\/\/free-dating.eu\/cz\/wp-content\/uploads\/2019\/04\/singles50-logo.png\"  loading=\"lazy\" height=\"95\" alt=\"Seznamka Singles50\" width=\"110\" title=\"V\u00edce o seznamce Singles50 \u00bb\"><\/a><br><i class=\"wpsm-table-icon wpsm-icon-star\"><\/i><i class=\"wpsm-table-icon wpsm-icon-star\"><\/i><i class=\"wpsm-table-icon wpsm-icon-star\"><\/i><i class=\"wpsm-table-icon wpsm-icon-star\"><\/i><i class=\"wpsm-table-icon wpsm-icon-star\"><\/i>\t\t\t\t\t\t\t\t\t\t\t\t\t\t\t\t<\/td>\r\n\t\t\t\t\t\t\t\t\t\t\t\t\t\t\t\t\t\t\t\t\t\t\t<td>\t\t\t\t\t\t\t\t\t\t\t\t\t\t\t\t\t\t\t\t\t\t\t\t\t\t<img src =\"https:\/\/free-dating.eu\/cz\/wp-content\/uploads\/2019\/04\/tip-free-bezplatn\u00e1-seznamka-pro-nezadan\u00e9.png\"  loading=\"lazy\" height=\"40\" width=\"50\" alt=\"tip - free bezplatn\u00e1 seznamka\"><img src =\"https:\/\/free-dating.eu\/cz\/wp-content\/uploads\/2019\/04\/zdarma-free-bezplatna-seznamka-pro-nezadane.png\"  loading=\"lazy\" \r\n height=\"90\" width=\"100\" alt=\"zdarma - nejlep\u0161\u00ed seznamky pro nezadan\u00e9\">\t\t\t\t\t\t\t\t\t\t\t\t\t\t\t\t<\/td>\r\n\t\t\t\t\t\t\t\t\t\t\t\t\t\t\t\t\t\t\t\t\t\t\t<td>\t\t\t\t\t\t\t\t\t\t\t\t\t\t\t\t\t\t\t\t\t\t\t\t\t\t<strong><font color=\"#dd0b0b\">Seznamka Singles50 je ur\u010dena jen pro star\u0161\u00ed 40 let<\/font><\/strong><\/a><br>\r\n<i class=\"wpsm-table-icon wpsm-icon-tick\"><\/i> <strong>Seznamka je ide\u00e1ln\u00edm m\u00edstem pro rychl\u00e9 sezn\u00e1men\u00ed  pouze se singles vy\u0161\u0161\u00edho v\u011bku, kte\u0159\u00ed tak\u00e9 hledaj\u00ed \u017eivotn\u00edho partnera pro v\u00e1\u017en\u00fd vztah.<\/strong><br>\r\n\t\t\t\t\t\t\t\t\t\t\t\t\t\t\t\t<\/td>\r\n\t\t\t\t\t\t\t\t\t\t\t\t\t\t\t\t\t\t\t\t\t\t\t<td>\t\t\t\t\t\t\t\t\t\t\t\t\t\t\t\t\t\t\t\t\t\t\t\t\t\t<a class=\"maxbutton-3 maxbutton maxbutton-singles50\" rel=\"nofollow noopener\" href=\"https:\/\/free-dating.eu\/cz\/singles50\/\"><span class='mb-text'>Sezn\u00e1mit se!<\/span><\/a>\t\t\t\t\t\t\t\t\t\t\t\t\t\t\t\t<\/td>\r\n\t\t\t\t\t\t\t\t\t\t\t\t\t\t\t\t\t\t\t\t\t<\/tr>\r\n\t\t\t\t\t\t\t\t\t\t\t\t\t\t\t\t<tr>\t\t\t\t\t\t\t\t\t\t\t\t\t\t\t<td>\t\t\t\t\t\t\t\t\t\t\t\t\t\t\t\t\t\t\t\t\t\t\t\t\t\t<a href=\"https:\/\/free-dating.eu\/cz\/edarling\/\"><img src =\"https:\/\/free-dating.eu\/cz\/wp-content\/uploads\/2019\/04\/edarling-logo.png\"  loading=\"lazy\" height=\"60\"  alt=\"Seznamka Edarling\" width=\"110\" title=\"V\u00edce o Seznamce Edarling \u00bb\"><\/a><br>\r\n<i class=\"wpsm-table-icon wpsm-icon-star\"><\/i><i class=\"wpsm-table-icon wpsm-icon-star\"><\/i><i class=\"wpsm-table-icon wpsm-icon-star\"><\/i><i class=\"wpsm-table-icon wpsm-icon-star\"><\/i><i class=\"wpsm-table-icon wpsm-icon-star\"><\/i>\t\t\t\t\t\t\t\t\t\t\t\t\t\t\t\t<\/td>\r\n\t\t\t\t\t\t\t\t\t\t\t\t\t\t\t\t\t\t\t\t\t\t\t<td>\t\t\t\t\t\t\t\t\t\t\t\t\t\t\t\t\t\t\t\t\t\t\t\t\t\t<img src =\"https:\/\/free-dating.eu\/cz\/wp-content\/uploads\/2019\/04\/tip-free-bezplatn\u00e1-seznamka-pro-nezadan\u00e9.png\" loading=\"lazy\" height=\"40\" width=\"50\" alt=\"tip - free bezplatn\u00e1 seznamka\"><img src =\"https:\/\/free-dating.eu\/cz\/wp-content\/uploads\/2019\/04\/zdarma-free-bezplatna-seznamka-pro-nezadane.png\" loading=\"lazy\"   height=\"90\" width=\"100\" alt=\"zdarma - nejlep\u0161\u00ed seznamky pro nezadan\u00e9\">\t\t\t\t\t\t\t\t\t\t\t\t\t\t\t\t<\/td>\r\n\t\t\t\t\t\t\t\t\t\t\t\t\t\t\t\t\t\t\t\t\t\t\t<td>\t\t\t\t\t\t\t\t\t\t\t\t\t\t\t\t\t\t\t\t\t\t\t\t\t\t<font color=\"#dd0b0b\">Edarling je seznamka pro n\u00e1ro\u010dn\u00e9<\/font><\/strong><\/a><br>\r\n<i class=\"wpsm-table-icon wpsm-icon-tick\"><\/i> <strong>Jedna z nejlep\u0161\u00edch seznamek, kde se lze brzy sezn\u00e1mit s vhodn\u00fdm prot\u011bj\u0161kem a nav\u00e1zat dlouhodob\u00fd v\u00e1\u017en\u00fd vztah.<\/strong><br>\t\t\t\t\t\t\t\t\t\t\t\t\t\t\t\t<\/td>\r\n\t\t\t\t\t\t\t\t\t\t\t\t\t\t\t\t\t\t\t\t\t\t\t<td>\t\t\t\t\t\t\t\t\t\t\t\t\t\t\t\t\t\t\t\t\t\t\t\t\t\t<a class=\"maxbutton-4 maxbutton maxbutton-edarling\" rel=\"nofollow noopener\" href=\"https:\/\/free-dating.eu\/cz\/edarling\/\"><span class='mb-text'>Sezn\u00e1mit se!<\/span><\/a>\t\t\t\t\t\t\t\t\t\t\t\t\t\t\t\t<\/td>\r\n\t\t\t\t\t\t\t\t\t\t\t\t\t\t\t\t\t\t\t\t\t<\/tr>\r\n\t\t\t\t\t\t\t\t\t\t\t\t\t\t\t\t<tr>\t\t\t\t\t\t\t\t\t\t\t\t\t\t\t<td>\t\t\t\t\t\t\t\t\t\t\t\t\t\t\t\t\t\t\t\t\t\t\t\t\t\t<a href=\"https:\/\/free-dating.eu\/cz\/be2\/\"><img src =\"https:\/\/free-dating.eu\/cz\/wp-content\/uploads\/2019\/04\/be2.png\"  loading=\"lazy\" height=\"80\"  alt=\"Seznamka Be2\" width=\"110\" title=\"V\u00edce o Seznamka Be2 \u00bb\"><\/a>\r\n<br><i class=\"wpsm-table-icon wpsm-icon-star\"><\/i><i class=\"wpsm-table-icon wpsm-icon-star\"><\/i><i class=\"wpsm-table-icon wpsm-icon-star\"><\/i><i class=\"wpsm-table-icon wpsm-icon-star\"><\/i><i class=\"wpsm-table-icon wpsm-icon-star-empty\"><\/i>\t\t\t\t\t\t\t\t\t\t\t\t\t\t\t\t<\/td>\r\n\t\t\t\t\t\t\t\t\t\t\t\t\t\t\t\t\t\t\t\t\t\t\t<td>\t\t\t\t\t\t\t\t\t\t\t\t\t\t\t\t\t\t\t\t\t\t\t\t\t\t<img src =\"https:\/\/free-dating.eu\/cz\/wp-content\/uploads\/2019\/04\/zdarma-free-bezplatna-seznamka-pro-nezadane.png\" loading=\"lazy\"  height=\"90\" width=\"100\" alt=\"zdarma - nejlep\u0161\u00ed seznamky pro nezadan\u00e9\">\t\t\t\t\t\t\t\t\t\t\t\t\t\t\t\t<\/td>\r\n\t\t\t\t\t\t\t\t\t\t\t\t\t\t\t\t\t\t\t\t\t\t\t<td>\t\t\t\t\t\t\t\t\t\t\t\t\t\t\t\t\t\t\t\t\t\t\t\t\t\t<strong><font color=\"#dd0b0b\">Seznamka Be2 nad 30 let<\/font><\/strong><\/a><br>\r\n<i class=\"wpsm-table-icon wpsm-icon-tick\"><\/i> <strong>Seznamka je ur\u010dena pro singles nad 30 let hledaj\u00edc\u00ed v\u00e1\u017en\u00e9 sezn\u00e1men\u00ed s partnerem online p\u0159es internet.<\/strong><br>\t\t\t\t\t\t\t\t\t\t\t\t\t\t\t\t<\/td>\r\n\t\t\t\t\t\t\t\t\t\t\t\t\t\t\t\t\t\t\t\t\t\t\t<td>\t\t\t\t\t\t\t\t\t\t\t\t\t\t\t\t\t\t\t\t\t\t\t\t\t\t<a class=\"maxbutton-5 maxbutton maxbutton-be2\" rel=\"nofollow noopener\" href=\"https:\/\/free-dating.eu\/cz\/be2\/\"><span class='mb-text'>Sezn\u00e1mit se!<\/span><\/a>\t\t\t\t\t\t\t\t\t\t\t\t\t\t\t\t<\/td>\r\n\t\t\t\t\t\t\t\t\t\t\t\t\t\t\t\t\t\t\t\t\t<\/tr>\r\n\t\t\t\t\t\t\t\t\t\t\t\t\t\t\t\t<tr>\t\t\t\t\t\t\t\t\t\t\t\t\t\t\t<td>\t\t\t\t\t\t\t\t\t\t\t\t\t\t\t\t\t\t\t\t\t\t\t\t\t\t<a href=\"https:\/\/free-dating.eu\/cz\/academicsingles\/\"><img src =\"https:\/\/free-dating.eu\/cz\/wp-content\/uploads\/2019\/04\/academic-singles.png\"  loading=\"lazy\" height=\"40\"  alt=\"Seznamka Academic singles\" width=\"110\" title=\"V\u00edce o seznamce Academic singles \u00bb\"><\/a><br><i class=\"wpsm-table-icon wpsm-icon-star\"><\/i><i class=\"wpsm-table-icon wpsm-icon-star\"><\/i><i class=\"wpsm-table-icon wpsm-icon-star\"><\/i><i class=\"wpsm-table-icon wpsm-icon-star\"><\/i><i class=\"wpsm-table-icon wpsm-icon-star-empty\"><\/i>\t\t\t\t\t\t\t\t\t\t\t\t\t\t\t\t<\/td>\r\n\t\t\t\t\t\t\t\t\t\t\t\t\t\t\t\t\t\t\t\t\t\t\t<td>\t\t\t\t\t\t\t\t\t\t\t\t\t\t\t\t\t\t\t\t\t\t\t\t\t\t<img src =\"https:\/\/free-dating.eu\/cz\/wp-content\/uploads\/2019\/04\/zdarma-free-bezplatna-seznamka-pro-nezadane.png\" loading=\"lazy\" height=\"90\" width=\"100\" alt=\"zdarma - nejlep\u0161\u00ed seznamky pro nezadan\u00e9\">\t\t\t\t\t\t\t\t\t\t\t\t\t\t\t\t<\/td>\r\n\t\t\t\t\t\t\t\t\t\t\t\t\t\t\t\t\t\t\t\t\t\t\t<td>\t\t\t\t\t\t\t\t\t\t\t\t\t\t\t\t\t\t\t\t\t\t\t\t\t\t<strong><font color=\"#dd0b0b\">Seznamka Academic singles nad 30 let<\/font><\/strong><\/a><br>\r\n<i class=\"wpsm-table-icon wpsm-icon-tick\"><\/i> <strong>Jedna z p\u0159edn\u00edch platforem pro \u010desk\u00e9 singles s vy\u0161\u0161\u00edm vzd\u011bl\u00e1n\u00edm star\u0161\u00edch 30 let, kte\u0159\u00ed hledaj\u00ed vhodn\u00fd prot\u011bj\u0161ek.<\/strong>\t\t\t\t\t\t\t\t\t\t\t\t\t\t\t\t<\/td>\r\n\t\t\t\t\t\t\t\t\t\t\t\t\t\t\t\t\t\t\t\t\t\t\t<td>\t\t\t\t\t\t\t\t\t\t\t\t\t\t\t\t\t\t\t\t\t\t\t\t\t\t<a class=\"maxbutton-6 maxbutton maxbutton-academicsingles\" rel=\"nofollow noopener\" href=\"https:\/\/free-dating.eu\/cz\/academicsingles\/\"><span class='mb-text'>Sezn\u00e1mit se!<\/span><\/a>\t\t\t\t\t\t\t\t\t\t\t\t\t\t\t\t<\/td>\r\n\t\t\t\t\t\t\t\t\t\t\t\t\t\t\t\t\t\t\t\t\t<\/tr>\r\n\t\t\t\t\t\t\t\t\t\t\t\t\t\t\t\t<tr>\t\t\t\t\t\t\t\t\t\t\t\t\t\t\t<td>\t\t\t\t\t\t\t\t\t\t\t\t\t\t\t\t\t\t\t\t\t\t\t\t\t\t<a href=\"https:\/\/free-dating.eu\/cz\/elitedate\/\"><img decoding=\"async\" src=\"https:\/\/free-dating.eu\/cz\/wp-content\/uploads\/2019\/04\/Elite-date-cz.png\"  loading=\"lazy\" height=\"40\"  alt=\"Seznamka Elitedate\" width=\"110\" title=\"V\u00edce o seznamce Elitedate \u00bb\"><\/a>\r\n<br><i class=\"wpsm-table-icon wpsm-icon-star\"><\/i><i class=\"wpsm-table-icon wpsm-icon-star\"><\/i><i class=\"wpsm-table-icon wpsm-icon-star\"><\/i><i class=\"wpsm-table-icon wpsm-icon-star\"><\/i><i class=\"wpsm-table-icon wpsm-icon-star-empty\"><\/i>\t\t\t\t\t\t\t\t\t\t\t\t\t\t\t\t<\/td>\r\n\t\t\t\t\t\t\t\t\t\t\t\t\t\t\t\t\t\t\t\t\t\t\t<td>\t\t\t\t\t\t\t\t\t\t\t\t\t\t\t\t\t\t\t\t\t\t\t\t\t\t<img src =\"https:\/\/free-dating.eu\/cz\/wp-content\/uploads\/2019\/04\/tip-free-bezplatn\u00e1-seznamka-pro-nezadan\u00e9.png\" loading=\"lazy\" height=\"40\" width=\"50\" alt=\"tip - free bezplatn\u00e1 seznamka\">\t\t\t\t\t\t\t\t\t\t\t\t\t\t\t\t<\/td>\r\n\t\t\t\t\t\t\t\t\t\t\t\t\t\t\t\t\t\t\t\t\t\t\t<td>\t\t\t\t\t\t\t\t\t\t\t\t\t\t\t\t\t\t\t\t\t\t\t\t\t\t<strong><font color=\"#dd0b0b\">Seznamka Elitedate nad 25 let<\/font><\/strong><\/a><br>\r\n<i class=\"wpsm-table-icon wpsm-icon-tick\"><\/i> <strong>Seznamka, kde se lze rychle sezn\u00e1mit a nav\u00e1zat v\u00e1\u017en\u00fd vztah se singles star\u0161\u00edmi 25 let.<\/strong><br>\r\n\t\t\t\t\t\t\t\t\t\t\t\t\t\t\t\t<\/td>\r\n\t\t\t\t\t\t\t\t\t\t\t\t\t\t\t\t\t\t\t\t\t\t\t<td>\t\t\t\t\t\t\t\t\t\t\t\t\t\t\t\t\t\t\t\t\t\t\t\t\t\t<a class=\"maxbutton-7 maxbutton maxbutton-elitedate\" rel=\"nofollow noopener\" href=\"https:\/\/free-dating.eu\/cz\/elitedate\/\"><span class='mb-text'>Sezn\u00e1mit se!<\/span><\/a>\t\t\t\t\t\t\t\t\t\t\t\t\t\t\t\t<\/td>\r\n\t\t\t\t\t\t\t\t\t\t\t\t\t\t\t\t\t\t\t\t\t<\/tr>\r\n\t\t\t\t\t\t\t\t\t\t\t\t\t\t\t\t<tr>\t\t\t\t\t\t\t\t\t\t\t\t\t\t\t<td>\t\t\t\t\t\t\t\t\t\t\t\t\t\t\t\t\t\t\t\t\t\t\t\t\t\t<a href=\"https:\/\/free-dating.eu\/cz\/seznamte-se\/\"><img src =\"https:\/\/free-dating.eu\/cz\/wp-content\/uploads\/2019\/04\/seznamte-se.png\"  loading=\"lazy\" height=\"60\"  alt=\"Seznamka seznamte.se\" width=\"110\" title=\"V\u00edce o seznamce seznamte.se \u00bb\"><\/a>\r\n<br><i class=\"wpsm-table-icon wpsm-icon-star\"><\/i><i class=\"wpsm-table-icon wpsm-icon-star\"><\/i><i class=\"wpsm-table-icon wpsm-icon-star\"><\/i><i class=\"wpsm-table-icon wpsm-icon-star-empty\"><\/i><i class=\"wpsm-table-icon wpsm-icon-star-empty\"><\/i>\t\t\t\t\t\t\t\t\t\t\t\t\t\t\t\t<\/td>\r\n\t\t\t\t\t\t\t\t\t\t\t\t\t\t\t\t\t\t\t\t\t\t\t<td>\t\t\t\t\t\t\t\t\t\t\t\t\t\t\t\t\t\t\t\t\t\t\t\t\t\t<img src =\"https:\/\/free-dating.eu\/cz\/wp-content\/uploads\/2019\/04\/zdarma-free-bezplatna-seznamka-pro-nezadane.png\" loading=\"lazy\" height=\"90\" width=\"100\" alt=\"zdarma - nejlep\u0161\u00ed seznamky pro nezadan\u00e9\">\t\t\t\t\t\t\t\t\t\t\t\t\t\t\t\t<\/td>\r\n\t\t\t\t\t\t\t\t\t\t\t\t\t\t\t\t\t\t\t\t\t\t\t<td>\t\t\t\t\t\t\t\t\t\t\t\t\t\t\t\t\t\t\t\t\t\t\t\t\t\t<strong><font color=\"#dd0b0b\">Seznamka seznamte.se<\/font><\/strong><\/a><br>\r\n<strong>Seznamka pro ka\u017ed\u00e9ho kdo se chce online p\u0159es internet sezn\u00e1mit.<\/strong><br>\t\t\t\t\t\t\t\t\t\t\t\t\t\t\t\t<\/td>\r\n\t\t\t\t\t\t\t\t\t\t\t\t\t\t\t\t\t\t\t\t\t\t\t<td>\t\t\t\t\t\t\t\t\t\t\t\t\t\t\t\t\t\t\t\t\t\t\t\t\t\t<a class=\"maxbutton-8 maxbutton maxbutton-seznamte-se\" rel=\"nofollow noopener\" href=\"https:\/\/free-dating.eu\/cz\/seznamte-se\/\"><span class='mb-text'>Sezn\u00e1mit se!<\/span><\/a>\t\t\t\t\t\t\t\t\t\t\t\t\t\t\t\t<\/td>\r\n\t\t\t\t\t\t\t\t\t\t\t\t\t\t\t\t\t\t\t\t\t<\/tr>\r\n\t\t\t\t\t\t\t\t\t\t\t\t\t\t\t\t<tr class=\"subheader\">\t\t\t\t\t\t\t\t\t\t\t\t\t\t\t<td colspan=\"4\">\t\t\t\t\t\t\t\t\t\t\t\t\t\t\t\t\t\t\t\t\t\t\t\t\t\t<i class=\"wpsm-table-icon wpsm-icon-heart\"><\/i> Nejlep\u0161\u00ed flirt seznamky s registrac\u00ed ZDARMA <i class=\"wpsm-table-icon wpsm-icon-heart\"><\/i>\t\t\t\t\t\t\t\t\t\t\t\t\t\t\t\t<\/td>\r\n\t\t\t\t\t\t\t\t\t\t\t\t\t\t<\/tr>\r\n\t\t\t\t\t\t\t\t\t\t\t\t\t\t\t\t<tr>\t\t\t\t\t\t\t\t\t\t\t\t\t\t\t<td>\t\t\t\t\t\t\t\t\t\t\t\t\t\t\t\t\t\t\t\t\t\t\t\t\t\t<a href=\"https:\/\/free-dating.eu\/cz\/erotickykontakt\/\" target=\"_blank\" rel=\"nofollow\"><img src =\"https:\/\/free-dating.eu\/cz\/wp-content\/uploads\/2021\/01\/erokontakt-logo.png\"  loading=\"lazy\" height=\"60\"  alt=\"Seznamka Erotickekontakty\" width=\"110\" title=\"V\u00edce o seznamce Erotickekontakty >>\"><\/a><br><i class=\"wpsm-table-icon wpsm-icon-star\"><\/i><i class=\"wpsm-table-icon wpsm-icon-star\"><\/i><i class=\"wpsm-table-icon wpsm-icon-star\"><\/i><i class=\"wpsm-table-icon wpsm-icon-star-empty\"><\/i><i class=\"wpsm-table-icon wpsm-icon-star-empty\"><\/i>\t\t\t\t\t\t\t\t\t\t\t\t\t\t\t\t<\/td>\r\n\t\t\t\t\t\t\t\t\t\t\t\t\t\t\t\t\t\t\t\t\t\t\t<td>\t\t\t\t\t\t\t\t\t\t\t\t\t\t\t\t\t\t\t\t\t\t\t\t\t\t<img src =\"https:\/\/free-dating.eu\/cz\/wp-content\/uploads\/2019\/04\/zdarma-free-bezplatna-seznamka-pro-nezadane.png\" loading=\"lazy\" height=\"90\" width=\"100\" alt=\"zdarma - nejlep\u0161\u00ed seznamky pro nezadan\u00e9\">\t\t\t\t\t\t\t\t\t\t\t\t\t\t\t\t<\/td>\r\n\t\t\t\t\t\t\t\t\t\t\t\t\t\t\t\t\t\t\t\t\t\t\t<td>\t\t\t\t\t\t\t\t\t\t\t\t\t\t\t\t\t\t\t\t\t\t\t\t\t\t<strong><font color=\"#dd0b0b\">\u010cesk\u00e1 erotick\u00e1 seznamka<\/font><\/strong><\/a><br>\r\n<i class=\"wpsm-table-icon wpsm-icon-tick\"><\/i> Na t\u00e9to seznamce najdete hlavn\u011b \u017eeny hledaj\u00edc\u00ed nez\u00e1vazn\u00fd flirt. V\u00edce ne\u017e 50% profil\u016f zde jsou \u017eeny.\t\t\t\t\t\t\t\t\t\t\t\t\t\t\t\t<\/td>\r\n\t\t\t\t\t\t\t\t\t\t\t\t\t\t\t\t\t\t\t\t\t\t\t<td>\t\t\t\t\t\t\t\t\t\t\t\t\t\t\t\t\t\t\t\t\t\t\t\t\t\t<a class=\"maxbutton-14 maxbutton maxbutton-erotickykontakt\" rel=\"nofollow noopener\" href=\"https:\/\/free-dating.eu\/cz\/erotickykontakt\/\"><span class='mb-text'>Sezn\u00e1mit se!<\/span><\/a>\t\t\t\t\t\t\t\t\t\t\t\t\t\t\t\t<\/td>\r\n\t\t\t\t\t\t\t\t\t\t\t\t\t\t\t\t\t\t\t\t\t<\/tr>\r\n\t\t\t\t\t\t\t\t\t\t\t\t\t\t\t\t<tr>\t\t\t\t\t\t\t\t\t\t\t\t\t\t\t<td>\t\t\t\t\t\t\t\t\t\t\t\t\t\t\t\t\t\t\t\t\t\t\t\t\t\t<a href=\"https:\/\/free-dating.eu\/cz\/flirtkontakt\/\"><img src =\"https:\/\/free-dating.eu\/cz\/wp-content\/uploads\/2019\/04\/flirtkontakt-log.png\"  loading=\"lazy\" height=\"60\" alt=\"Seznamka Flirtkontakt\" width=\"110\" title=\"V\u00edce o seznamce Flirtkontakt \u00bb\"><\/a>\r\n<br><i class=\"wpsm-table-icon wpsm-icon-star\"><\/i><i class=\"wpsm-table-icon wpsm-icon-star\"><\/i><i class=\"wpsm-table-icon wpsm-icon-star\"><\/i><i class=\"wpsm-table-icon wpsm-icon-star\"><\/i><i class=\"wpsm-table-icon wpsm-icon-star\"><\/i>\t\t\t\t\t\t\t\t\t\t\t\t\t\t\t\t<\/td>\r\n\t\t\t\t\t\t\t\t\t\t\t\t\t\t\t\t\t\t\t\t\t\t\t<td>\t\t\t\t\t\t\t\t\t\t\t\t\t\t\t\t\t\t\t\t\t\t\t\t\t\t<img src =\"https:\/\/free-dating.eu\/cz\/wp-content\/uploads\/2019\/04\/tip-free-bezplatn\u00e1-seznamka-pro-nezadan\u00e9.png\" loading=\"lazy\" height=\"40\" width=\"50\" alt=\"tip - free bezplatn\u00e1 seznamka\"><img src =\"https:\/\/free-dating.eu\/cz\/wp-content\/uploads\/2019\/04\/zdarma-free-bezplatna-seznamka-pro-nezadane.png\" loading=\"lazy\"  height=\"90\" width=\"100\" alt=\"zdarma - nejlep\u0161\u00ed seznamky pro nezadan\u00e9\">\t\t\t\t\t\t\t\t\t\t\t\t\t\t\t\t<\/td>\r\n\t\t\t\t\t\t\t\t\t\t\t\t\t\t\t\t\t\t\t\t\t\t\t<td>\t\t\t\t\t\t\t\t\t\t\t\t\t\t\t\t\t\t\t\t\t\t\t\t\t\t<strong><font color=\"#dd0b0b\">\u010cesk\u00e1 seznamka Flirtkontakt<\/font><\/strong><\/a><br>\r\n<i class=\"wpsm-table-icon wpsm-icon-tick\"><\/i> <strong>Jen \u010desk\u00e1 seznamka pro v\u0161echny, kte\u0159\u00ed hledaj\u00ed partnera pro flirt a necht\u011bj\u00ed se v\u00e1zat. <font color=\"red\">\u017deny na flirtkontakt maj\u00ed pln\u00e9 \u010dlenstv\u00ed zdarma!<\/font><\/strong>\t\t\t\t\t\t\t\t\t\t\t\t\t\t\t\t<\/td>\r\n\t\t\t\t\t\t\t\t\t\t\t\t\t\t\t\t\t\t\t\t\t\t\t<td>\t\t\t\t\t\t\t\t\t\t\t\t\t\t\t\t\t\t\t\t\t\t\t\t\t\t<a class=\"maxbutton-9 maxbutton maxbutton-flirtkontakt\" rel=\"nofollow noopener\" href=\"https:\/\/free-dating.eu\/cz\/flirtkontakt-direct\/\"><span class='mb-text'>Sezn\u00e1mit se!<\/span><\/a>\t\t\t\t\t\t\t\t\t\t\t\t\t\t\t\t<\/td>\r\n\t\t\t\t\t\t\t\t\t\t\t\t\t\t\t\t\t\t\t\t\t<\/tr>\r\n\t\t\t\t\t\t\t\t\t\t<\/tbody>\r\n\t\t\t\t<\/table>\r\n\t\t\t<\/div>\r\n\t\t\n<p><span style=\"font-size: small;\">* N\u011bkter\u00e9 uveden\u00e9 seznamky jsou jen na vyzkou\u0161en\u00ed zdarma a maj\u00ed sv\u00e9 zvl\u00e1\u0161tn\u00ed seznamovac\u00ed funkce a zam\u011b\u0159en\u00ed, proto mohou nab\u00eddnout vy\u0161\u0161\u00ed procentn\u00ed \u0161anci, \u017ee si u\u017eivatel rychle najde partnera.<br \/>\n* Pokud na n\u011bjak\u00e9 seznamce zaplat\u00edte pr\u00e9miov\u00e9 \u010dlenstv\u00ed, kter\u00e9 m\u016f\u017ee b\u00fdt automaticky prodlu\u017eov\u00e1no, zru\u0161te ho a\u017e se sezn\u00e1m\u00edte nebo pokud ho nechcete d\u00e1le prodlu\u017eovat.<br \/>\n<\/span><\/p>\n","protected":false},"excerpt":{"rendered":"<p>* N\u011bkter\u00e9 uveden\u00e9 seznamky jsou jen na vyzkou\u0161en\u00ed zdarma a maj\u00ed sv\u00e9 zvl\u00e1\u0161tn\u00ed seznamovac\u00ed funkce a zam\u011b\u0159en\u00ed, proto mohou nab\u00eddnout vy\u0161\u0161\u00ed procentn\u00ed \u0161anci, \u017ee si u\u017eivatel rychle najde partnera. * Pokud na n\u011bjak\u00e9 seznamce&#46;&#46;&#46;<\/p>\n","protected":false},"author":1,"featured_media":0,"parent":0,"menu_order":0,"comment_status":"closed","ping_status":"closed","template":"","meta":{"_sitemap_exclude":false,"_sitemap_priority":"","_sitemap_frequency":"","footnotes":""},"class_list":["post-66","page","type-page","status-publish","hentry"],"aioseo_notices":[],"_links":{"self":[{"href":"https:\/\/free-dating.eu\/cz\/wp-json\/wp\/v2\/pages\/66","targetHints":{"allow":["GET"]}}],"collection":[{"href":"https:\/\/free-dating.eu\/cz\/wp-json\/wp\/v2\/pages"}],"about":[{"href":"https:\/\/free-dating.eu\/cz\/wp-json\/wp\/v2\/types\/page"}],"author":[{"embeddable":true,"href":"https:\/\/free-dating.eu\/cz\/wp-json\/wp\/v2\/users\/1"}],"replies":[{"embeddable":true,"href":"https:\/\/free-dating.eu\/cz\/wp-json\/wp\/v2\/comments?post=66"}],"version-history":[{"count":6,"href":"https:\/\/free-dating.eu\/cz\/wp-json\/wp\/v2\/pages\/66\/revisions"}],"predecessor-version":[{"id":101,"href":"https:\/\/free-dating.eu\/cz\/wp-json\/wp\/v2\/pages\/66\/revisions\/101"}],"wp:attachment":[{"href":"https:\/\/free-dating.eu\/cz\/wp-json\/wp\/v2\/media?parent=66"}],"curies":[{"name":"wp","href":"https:\/\/api.w.org\/{rel}","templated":true}]}}