{"id":6,"date":"2019-04-21T00:00:00","date_gmt":"2019-04-21T00:00:00","guid":{"rendered":"https:\/\/free-dating.eu\/cz\/awpcp\/show-ad\/"},"modified":"2022-02-05T18:37:05","modified_gmt":"2022-02-05T17:37:05","slug":"inzerat","status":"publish","type":"page","link":"https:\/\/free-dating.eu\/cz\/inzeraty-seznameni\/inzerat\/","title":{"rendered":"Inzer\u00e1t"},"content":{"rendered":"<div class=\"awpcp-message awpcp-error notice notice-error error\"><p>No ad ID was specified. Return to <a href=\"https:\/\/free-dating.eu\/cz\/inzeraty-seznameni\/prochazet\">browse all ads<\/a>.<\/p><\/div>\n<p>&nbsp;<\/p>\n<p>&nbsp;<\/p>\n<p align=\"center\"><strong><span style=\"color: #dd0b0b; font-size: medium;\">\u2764 Nejlep\u0161\u00ed seznamky \u2764<\/span><\/strong><\/p>\n<div style=\"overflow-x: auto; overflow: -moz-scrollbars-horizontal;\">\n<table>\n<tbody>\n<tr>\n<td><a href=\"https:\/\/free-dating.eu\/cz\/singles50-2\/\" target=\"_blank\" rel=\"nofollow noopener noreferrer\"><img decoding=\"async\" title=\"V\u00edce o seznamce Singles50\" src=\"https:\/\/free-dating.eu\/cz\/wp-content\/uploads\/2019\/04\/singles50-logo.png\" loading=\"lazy\" alt=\"Seznamka Singles50\" width=\"110\" height=\"95\"\/><\/a><\/td>\n<td><strong>Seznamka Singles50 je pouze pro singles star\u0161\u00ed 40 let v\u00e1\u017en\u011b.<\/strong><\/td>\n<td><a class=\"maxbutton-3 maxbutton maxbutton-singles50\" rel=\"nofollow noopener\" href=\"https:\/\/free-dating.eu\/cz\/singles50\/\"><span class='mb-text'>Sezn\u00e1mit se!<\/span><\/a><\/td>\n<\/tr>\n<tr>\n<td><a href=\"https:\/\/free-dating.eu\/cz\/be2-2\/\" target=\"_blank\" rel=\"nofollow noopener noreferrer\"><img decoding=\"async\" title=\"V\u00edce o seznamce Be2\" src=\"https:\/\/free-dating.eu\/cz\/wp-content\/uploads\/2019\/04\/be2.png\" loading=\"lazy\" alt=\"Seznamka Be2\" width=\"110\" height=\"80\"\/><\/a><\/td>\n<td><strong>Seznamka pro v\u00e1\u017en\u00fd vztah nad 30 let.<\/strong><\/td>\n<td><a class=\"maxbutton-5 maxbutton maxbutton-be2\" rel=\"nofollow noopener\" href=\"https:\/\/free-dating.eu\/cz\/be2\/\"><span class='mb-text'>Sezn\u00e1mit se!<\/span><\/a><\/td>\n<\/tr>\n<tr>\n<td><a href=\"https:\/\/free-dating.eu\/cz\/edarling-2\/\" target=\"_blank\" rel=\"nofollow noopener noreferrer\"><img decoding=\"async\" title=\"V\u00edce o Seznamce Edarling\" src=\"https:\/\/free-dating.eu\/cz\/wp-content\/uploads\/2019\/04\/edarling-logo.png\" loading=\"lazy\" alt=\"Seznamka Edarling\" width=\"110\" height=\"60\"\/><\/a><\/td>\n<td><strong>Seznamka Edarling pro n\u00e1ro\u010dn\u00e9 pokud hled\u00e1te v\u00e1\u017en\u00fd vztah.<\/strong><\/td>\n<td><a class=\"maxbutton-4 maxbutton maxbutton-edarling\" rel=\"nofollow noopener\" href=\"https:\/\/free-dating.eu\/cz\/edarling\/\"><span class='mb-text'>Sezn\u00e1mit se!<\/span><\/a><\/td>\n<\/tr>\n<tr>\n<td><a href=\"https:\/\/free-dating.eu\/cz\/flirtkontakt-2\/\" target=\"_blank\" rel=\"noopener\"><img decoding=\"async\" title=\"V\u00edce o seznamce Flirtkontakt\" src=\"https:\/\/free-dating.eu\/cz\/wp-content\/uploads\/2019\/04\/flirtkontakt-log.png\" loading=\"lazy\" alt=\"Seznamka Flirtkontakt\" width=\"110\" height=\"40\"\/><\/a><\/td>\n<td><strong>Flirtkontakt je pouze \u010desk\u00e1 seznamka pro ka\u017ed\u00e9ho kdo si chce zaflirtovat. \u017deny zde maj\u00ed pln\u00e9 \u010dlenstv\u00ed zdarma.<\/strong><\/td>\n<td><a class=\"maxbutton-9 maxbutton maxbutton-flirtkontakt\" rel=\"nofollow noopener\" href=\"https:\/\/free-dating.eu\/cz\/flirtkontakt-direct\/\"><span class='mb-text'>Sezn\u00e1mit se!<\/span><\/a><\/td>\n<\/tr>\n<\/tbody>\n<\/table>\n<\/div>\n<p align=\"center\"><a title=\"Zobrazit nejlep\u0161\u00ed seznamky\" href=\"https:\/\/free-dating.eu\/cz\/srovnani-11-nejlepsich-seznamek-v-cr\/\"><strong><span style=\"color: #dd0b0b; font-size: large;\">Zobrazit cel\u00e9 porovn\u00e1n\u00ed seznamek &gt;&gt;<\/span><\/strong><\/a><\/p>\n","protected":false},"excerpt":{"rendered":"<p>&nbsp; &nbsp; \u2764 Nejlep\u0161\u00ed seznamky \u2764 Seznamka Singles50 je pouze pro singles star\u0161\u00ed 40 let v\u00e1\u017en\u011b. Seznamka pro v\u00e1\u017en\u00fd vztah nad 30 let. Seznamka Edarling pro n\u00e1ro\u010dn\u00e9 pokud hled\u00e1te v\u00e1\u017en\u00fd vztah. Flirtkontakt je pouze&#46;&#46;&#46;<\/p>\n","protected":false},"author":1,"featured_media":0,"parent":5,"menu_order":0,"comment_status":"closed","ping_status":"closed","template":"","meta":{"_sitemap_exclude":false,"_sitemap_priority":"","_sitemap_frequency":"","footnotes":""},"class_list":["post-6","page","type-page","status-publish","hentry"],"aioseo_notices":[],"_links":{"self":[{"href":"https:\/\/free-dating.eu\/cz\/wp-json\/wp\/v2\/pages\/6","targetHints":{"allow":["GET"]}}],"collection":[{"href":"https:\/\/free-dating.eu\/cz\/wp-json\/wp\/v2\/pages"}],"about":[{"href":"https:\/\/free-dating.eu\/cz\/wp-json\/wp\/v2\/types\/page"}],"author":[{"embeddable":true,"href":"https:\/\/free-dating.eu\/cz\/wp-json\/wp\/v2\/users\/1"}],"replies":[{"embeddable":true,"href":"https:\/\/free-dating.eu\/cz\/wp-json\/wp\/v2\/comments?post=6"}],"version-history":[{"count":8,"href":"https:\/\/free-dating.eu\/cz\/wp-json\/wp\/v2\/pages\/6\/revisions"}],"predecessor-version":[{"id":986,"href":"https:\/\/free-dating.eu\/cz\/wp-json\/wp\/v2\/pages\/6\/revisions\/986"}],"up":[{"embeddable":true,"href":"https:\/\/free-dating.eu\/cz\/wp-json\/wp\/v2\/pages\/5"}],"wp:attachment":[{"href":"https:\/\/free-dating.eu\/cz\/wp-json\/wp\/v2\/media?parent=6"}],"curies":[{"name":"wp","href":"https:\/\/api.w.org\/{rel}","templated":true}]}}