{"id":45,"date":"2019-04-22T18:07:42","date_gmt":"2019-04-22T16:07:42","guid":{"rendered":"https:\/\/free-dating.eu\/cz\/?page_id=45"},"modified":"2022-04-20T23:14:51","modified_gmt":"2022-04-20T21:14:51","slug":"zpracovani-osobnich-udaju","status":"publish","type":"page","link":"https:\/\/free-dating.eu\/cz\/zpracovani-osobnich-udaju\/","title":{"rendered":"Zpracov\u00e1n\u00ed osobn\u00edch \u00fadaj\u016f"},"content":{"rendered":"<p>Pro \u00fasp\u011b\u0161n\u00e9 vyu\u017e\u00edv\u00e1n\u00ed slu\u017eeb, kter\u00e9 tato webov\u00e1 str\u00e1nka nab\u00edz\u00ed, v n\u011bkter\u00fdch p\u0159\u00edpadech pot\u0159ebujeme zpracov\u00e1vat osobn\u00ed \u00fadaje u\u017eivatel\u016f.<br \/>\nToto zpracov\u00e1v\u00e1n\u00ed podl\u00e9h\u00e1 na\u0159\u00edzen\u00ed Evropsk\u00e9ho parlamentu a Rady 2016\/679 ze dne 27. dubna 2016 o ochran\u011b fyzick\u00fdch osob v souvislosti se zpracov\u00e1n\u00edm osobn\u00edch \u00fadaj\u016f a o voln\u00e9m pohybu t\u011bchto \u00fadaj\u016f a o zru\u0161en\u00ed sm\u011brnice 95\/46\/ES (obecn\u00e9 na\u0159\u00edzen\u00ed o ochran\u011b osobn\u00edch \u00fadaj\u016f). Zn\u00e1m\u00e9 tak\u00e9 jako &#8222;GDPR&#8220;.<\/p>\n<p><strong>Nepos\u00edl\u00e1me \u017e\u00e1dn\u00e1 obchodn\u00ed sd\u011blen\u00ed. Osobn\u00ed (ani \u017e\u00e1dn\u00e9 jin\u00e9) \u00fadaje nezpracov\u00e1v\u00e1me pro pot\u0159eby c\u00edlen\u00e9ho nab\u00edzen\u00ed zbo\u017e\u00ed nebo slu\u017eeb. Osobn\u00ed \u00fadaje neprod\u00e1v\u00e1me ani neposkytujeme t\u0159et\u00edm stran\u00e1m. Souhlas pova\u017eujeme za platn\u00fd do jeho odvol\u00e1n\u00ed, viz n\u00ed\u017ee. Osobn\u00ed \u00fadaje uchov\u00e1v\u00e1me pouze v rozsahu pot\u0159ebn\u00e9m pro technick\u00e9 zaji\u0161t\u011bn\u00ed z\u00e1kladn\u00edch funkc\u00ed webu, jako je vlo\u017een\u00ed inzerce a mo\u017enost online odpov\u011bd\u011bt na inzer\u00e1t.<\/strong> <em>Pokud je v\u00e1\u0161 inzer\u00e1t ji\u017e neaktu\u00e1ln\u00ed m\u016f\u017eete jej sami vymazat jednodu\u0161e k\u00f3dem vygenerovan\u00fdm automaticky syst\u00e9mem pro inzerci, sta\u010d\u00ed u inzer\u00e1tu kliknout na &#8222;smazat&#8220; nebo &#8222;upravit&#8220; a zadat platn\u00fd email p\u0159i vlo\u017een\u00ed inzer\u00e1tu, potom do kolonky vlo\u017eit k\u00f3d s emailu a prok\u00e1zat t\u00edm autorstv\u00ed inzer\u00e1tu a n\u00e1sledn\u011b jej smazat nebo upravit.<\/em><br \/>\nPro \u00fapravu \u010di smaz\u00e1n\u00ed osobn\u00edch \u00fadaj\u016f, tj. dobrovoln\u011b vlo\u017een\u00e9 inzerce zdarma, koment\u00e1\u0159e na webu nebo soubor\u016f cookies sta\u010d\u00ed napsat tento po\u017eadavek na email <strong>info@free-dating.eu<\/strong><\/p>\n<p><strong>Osobn\u00ed \u00fadaje, kter\u00e9 zpracov\u00e1v\u00e1me:<\/strong><br \/>\nOsobn\u00ed \u00fadaje jako je hlavn\u011b jm\u00e9no, email \u010di ip adresa n\u00e1v\u0161t\u011bvn\u00edka zpracov\u00e1v\u00e1me na z\u00e1klad\u011b ud\u011blen\u00e9ho souhlasu a pln\u00edme tak informa\u010dn\u00ed povinnost p\u0159ed zah\u00e1jen\u00edm zpracov\u00e1n\u00ed osobn\u00edch \u00fadaj\u016f za \u00fa\u010delem vlo\u017een\u00ed inzerce nebo koment\u00e1\u0159e na webu. Pokud p\u0159id\u00e1te koment\u00e1\u0159 nebo inzer\u00e1t, pak koment\u00e1\u0159, inzer\u00e1t a jejich metadata budou uchov\u00e1v\u00e1na po dobu neur\u010ditou. \u00dadaje jsou uchov\u00e1v\u00e1ny za \u00fa\u010delem automatick\u00e9ho rozpozn\u00e1n\u00ed a schv\u00e1len\u00ed v\u0161ech n\u00e1sledn\u00fdch koment\u00e1\u0159\u016f, m\u00edsto jejich dr\u017een\u00ed ve front\u011b moderov\u00e1n\u00ed. Koment\u00e1\u0159e n\u00e1v\u0161t\u011bvn\u00edk\u016f mohou b\u00fdt kontrolov\u00e1ny prost\u0159ednictv\u00edm automatizovan\u00e9 slu\u017eby detekce spamu, kter\u00e1 m\u016f\u017ee b\u00fdt um\u00edst\u011bna v zahrani\u010d\u00ed. Kdy\u017e n\u00e1v\u0161t\u011bvn\u00edci p\u0159idaj\u00ed koment\u00e1\u0159 na tento web, jsou shroma\u017e\u010fov\u00e1ny \u00fadaje zobrazen\u00e9 ve formul\u00e1\u0159i pro koment\u00e1\u0159, d\u00e1le IP adresa n\u00e1v\u0161t\u011bvn\u00edka a \u0159et\u011bzec user agent definuj\u00edc\u00ed prohl\u00ed\u017ee\u010d, co\u017e pom\u00e1h\u00e1 k detekci spamu.<\/p>\n<p>Slu\u017eb\u011b Gravatar m\u016f\u017ee b\u00fdt poskytnut anonymn\u00ed \u0159et\u011bzec vytvo\u0159en\u00fd z va\u0161\u00ed emailov\u00e9 adresy (naz\u00fdvan\u00fd tak\u00e9 hash), d\u00edky kter\u00e9mu lze ur\u010dit jestli tuto slu\u017ebu pou\u017e\u00edv\u00e1te. Po schv\u00e1len\u00ed va\u0161eho koment\u00e1\u0159e je v\u00e1\u0161 profilov\u00fd obr\u00e1zek viditeln\u00fd pro ve\u0159ejnost v kontextu va\u0161eho koment\u00e1\u0159e.<br \/>\nPokud nahr\u00e1v\u00e1te obr\u00e1zky na tento web, m\u011bli byste se vyhnout nahr\u00e1v\u00e1n\u00ed obr\u00e1zk\u016f s vlo\u017een\u00fdmi \u00fadaji o poloze (EXIF GPS). N\u00e1v\u0161t\u011bvn\u00edci webu mohou st\u00e1hnout a zobrazit libovoln\u00e9 data o poloze z obr\u00e1zk\u016f na webu.<\/p>\n<p>V seznamce, pak \u00fadaje pot\u0159ebn\u00e9 pro zalo\u017een\u00ed ve\u0159ejn\u00e9ho profilu pro online sezn\u00e1men\u00ed, kter\u00e9 m\u016f\u017ee u\u017eivatel kdykoliv bez probl\u00e9mu smazat \u010di upravit nebo o to po\u017e\u00e1dat na emailu info@free-dating.eu<\/p>\n<p>Pro u\u017eivatele, kte\u0159\u00ed se registruj\u00ed na tomto webu (pokud maj\u00ed tuto mo\u017enost), ukl\u00e1d\u00e1me tak\u00e9 osobn\u00ed \u00fadaje, kter\u00e9 uv\u00e1d\u011bj\u00ed ve sv\u00e9m u\u017eivatelsk\u00e9m profilu. V\u0161ichni u\u017eivatel\u00e9 mohou kdykoliv vid\u011bt, upravovat nebo smazat sv\u00e9 osobn\u00ed \u00fadaje (s v\u00fdjimkou toho, \u017ee nemohou zm\u011bnit sv\u00e9 u\u017eivatelsk\u00e9 jm\u00e9no). Administr\u00e1to\u0159i webu mohou tak\u00e9 tyto informace zobrazit a upravovat.<\/p>\n<p>Osobn\u00edmi \u00fadaji se rozum\u00ed ve\u0161ker\u00e9 informace o identifikovan\u00e9 nebo identifikovateln\u00e9 fyzick\u00e9 osob\u011b; identifikovatelnou fyzickou osobou je fyzick\u00e1 osoba, kterou lze p\u0159\u00edmo \u010di nep\u0159\u00edmo identifikovat, zejm\u00e9na odkazem na ur\u010dit\u00fd identifik\u00e1tor, nap\u0159\u00edklad jm\u00e9no, identifika\u010dn\u00ed \u010d\u00edslo, loka\u010dn\u00ed \u00fadaje, s\u00ed\u0165ov\u00fd identifik\u00e1tor nebo na jeden \u010di v\u00edce zvl\u00e1\u0161tn\u00edch prvk\u016f fyzick\u00e9, fyziologick\u00e9, genetick\u00e9, psychick\u00e9, ekonomick\u00e9, kulturn\u00ed nebo spole\u010densk\u00e9 identity t\u00e9to fyzick\u00e9 osoby.<br \/>\nDbejte ve vlastn\u00edm z\u00e1jmu na ochranu citliv\u00fdch \u00fadaj\u016f, kter\u00e9 nechcete sd\u00edlet s ostatn\u00edmi ve\u0159ejn\u011b.<\/p>\n<p><strong>Soci\u00e1ln\u00ed s\u00ed\u0165\u011b:<\/strong><br \/>\nNa webu najdete soci\u00e1ln\u00ed widget abychom v\u00e1m umo\u017enili vid\u011bt a d\u00e1t \u201clike\u201d na\u0161\u00ed Facebookov\u00e9 str\u00e1nce. Tento widget m\u016f\u017ee shroma\u017e\u010fovat n\u011bkter\u00e1 data jako nap\u0159\u00edklad va\u0161\u00ed IP adresu, ukl\u00e1dat a na\u010d\u00edtat soubory cookie ve va\u0161em prohl\u00ed\u017ee\u010di, vlo\u017eit dal\u0161\u00ed sledovac\u00ed k\u00f3d a monitorovat interakci s widgetem, v\u010detn\u011b korelace va\u0161eho Facebookov\u00e9ho \u00fa\u010dtu s jakoukoliv akc\u00ed, kterou provedete v r\u00e1mci widgetu nap\u0159\u00edklad &#8222;like&#8220; nebo sd\u00edlen\u00ed Facebookov\u00e9 str\u00e1nky.<\/p>\n<p><strong>Z\u00e1sady ochrany osobn\u00edch \u00fadaj\u016f zpracovatelsk\u00fdch slu\u017eeb:<\/strong><br \/>\n<a href=\"https:\/\/www.facebook.com\/full_data_use_policy\" rel=\"noopener nofollow noreferrer\" target=\"_blank\">https:\/\/www.facebook.com\/full_data_use_policy<\/a><br \/>\n<a href=\"https:\/\/privacy.google.com\/businesses\/processorterms\/\" rel=\"noopener nofollow noreferrer\" target=\"_blank\">https:\/\/privacy.google.com\/businesses\/processorterms\/<\/a><br \/>\n<a href=\"https:\/\/www.google.com\/analytics\/terms\/dpa\/dataprocessingamendment_20160909.html\" rel=\"noopener nofollow noreferrer\" target=\"_blank\">https:\/\/www.google.com\/analytics\/terms\/dpa\/dataprocessingamendment_20160909.html<\/a><br \/>\n<a href=\"https:\/\/cloud.google.com\/terms\/data-processing-terms\/partner\/\" rel=\"noopener nofollow noreferrer\" target=\"_blank\">https:\/\/cloud.google.com\/terms\/data-processing-terms\/partner\/<\/a><br \/>\n<a href=\"https:\/\/www.wedos.as\/cs\/zasady-zpracovani-osobnich-udaju.pdf\" rel=\"noopener nofollow noreferrer\" target=\"_blank\">https:\/\/www.wedos.as\/cs\/zasady-zpracovani-osobnich-udaju.pdf<\/a><br \/>\n<a href=\"https:\/\/automattic.com\/privacy\/\" rel=\"noopener nofollow noreferrer\" target=\"_blank\">https:\/\/automattic.com\/privacy\/<\/a><br \/>\n<a href=\"https:\/\/automattic.com\/privacy-notice\/\" rel=\"noopener nofollow noreferrer\" target=\"_blank\">https:\/\/automattic.com\/privacy-notice\/<\/a><br \/>\n<a href=\"https:\/\/localise.biz\/wordpress\/plugin\/privacy\" rel=\"noopener nofollow noreferrer\" target=\"_blank\">https:\/\/localise.biz\/wordpress\/plugin\/privacy<\/a><\/p>\n<p><strong>Zpracovatelsk\u00e9 slu\u017eby:<\/strong><br \/>\nA. Google, se s\u00eddlem Ireland Limited Gordon House, Barrow Street, Dublin 4, Ireland<br \/>\nB. Facebook Ireland Ltd., se s\u00eddlem 4 Grand Canal Square, Grand Canal Harbour, Dublin 2 Ireland<br \/>\nC. WEDOS Internet, a.s., Masarykova 1230, 373 41, Hlubok\u00e1 nad Vltavou, \u010cesk\u00e1 republika<br \/>\nD. p\u0159\u00edpadn\u011b dal\u0161\u00ed poskytovatel\u00e9 zpracovatelsk\u00e9ho softwaru, slu\u017eeb a aplikac\u00ed, kter\u00e9 administr\u00e1tor moment\u00e1ln\u011b nepou\u017e\u00edv\u00e1<\/p>\n<p><strong>Zpracovatel:<\/strong><br \/>\nZpracovatel osobn\u00edch \u00fadaj\u016f web\u016f je Roman Dimitriadis, Folt\u00fdnova 1014\/33, Brno, 63500 i\u010d:87756692.<\/p>\n<p><strong>Va\u0161e pr\u00e1va<\/strong><br \/>\nZa podm\u00ednek stanoven\u00fdch v GDPR m\u00e1te<br \/>\n&#8211; pr\u00e1vo na p\u0159\u00edstup ke sv\u00fdm osobn\u00edm \u00fadaj\u016fm dle \u010dl. 15 GDPR,<br \/>\n&#8211; pr\u00e1vo opravu osobn\u00edch \u00fadaj\u016f dle \u010dl. 16 GDPR, pop\u0159\u00edpad\u011b omezen\u00ed zpracov\u00e1n\u00ed dle \u010dl. 18 GDPR.<br \/>\n&#8211; pr\u00e1vo na v\u00fdmaz osobn\u00edch \u00fadaj\u016f dle \u010dl. 17 GDPR.<br \/>\n&#8211; pr\u00e1vo vzn\u00e9st n\u00e1mitku proti zpracov\u00e1n\u00ed dle \u010dl. 21 GDPR a<br \/>\n&#8211; pr\u00e1vo na p\u0159enositelnost \u00fadaj\u016f dle \u010dl. 20 GDPR.<br \/>\n&#8211; pr\u00e1vo odvolat souhlas se zpracov\u00e1n\u00edm p\u00edsemn\u011b nebo elektronicky na adresu nebo email spr\u00e1vce uveden\u00fd v \u010dl. III t\u011bchto podm\u00ednek.<\/p>\n<p>D\u00e1le m\u00e1te pr\u00e1vo podat st\u00ed\u017enost u \u00da\u0159adu pro ochranu osobn\u00edch \u00fadaj\u016f v p\u0159\u00edpad\u011b, \u017ee se domn\u00edv\u00e1te, \u017ee bylo poru\u0161eno Va\u0161\u00ed pr\u00e1vo na ochranu osobn\u00edch \u00fadaj\u016f.<\/p>\n<p><strong>Podm\u00ednky zabezpe\u010den\u00ed osobn\u00edch \u00fadaj\u016f<\/strong><br \/>\nSpr\u00e1vce prohla\u0161uje, \u017ee p\u0159ijal ve\u0161ker\u00e1 vhodn\u00e1 technick\u00e1 a organiza\u010dn\u00ed opat\u0159en\u00ed k zabezpe\u010den\u00ed osobn\u00edch \u00fadaj\u016f.<br \/>\nSpr\u00e1vce p\u0159ijal technick\u00e1 opat\u0159en\u00ed k zabezpe\u010den\u00ed datov\u00fdch \u00falo\u017ei\u0161\u0165 a \u00falo\u017ei\u0161\u0165 osobn\u00edch \u00fadaj\u016f.<br \/>\nSpr\u00e1vce prohla\u0161uje, \u017ee k osobn\u00edm \u00fadaj\u016fm maj\u00ed p\u0159\u00edstup pouze j\u00edm pov\u011b\u0159en\u00e9 osoby.<\/p>\n<p>D\u00edky pr\u00e1vu na p\u0159\u00edstup k zpracovan\u00fdm informac\u00edm n\u00e1s m\u016f\u017eete kdykoliv po\u017e\u00e1dat a my dolo\u017e\u00edme ve lh\u016ft\u011b 30 dn\u00ed jak\u00e9 va\u0161e osobn\u00ed \u00fadaje zpracov\u00e1v\u00e1me a pro\u010d.<br \/>\nPokud se n\u011bco zm\u011bnilo nebo osobn\u00ed \u00fadaje ji\u017e jsou neaktu\u00e1ln\u00ed nebo ne\u00fapln\u00e9, pak m\u00e1te pr\u00e1vo na dopln\u011bn\u00ed a zm\u011bnu osobn\u00edch \u00fadaj\u016f.<\/p>\n<p>Vyma\u017eeme va\u0161e osobn\u00ed \u00fadaje ze sv\u00e9ho syst\u00e9mu v z\u00e1konn\u00e9 lh\u016ft\u011b do 30 dn\u00ed.<br \/>\nV n\u011bkter\u00fdch p\u0159\u00edpadech m\u00e1me z\u00e1konnou povinnost va\u0161e \u00fadaje archivovat (nap\u0159. v\u0161echny vystaven\u00e9 da\u0148ov\u00e9 doklady). V tomto p\u0159\u00edpad\u011b tedy sma\u017eeme v\u0161echny takov\u00e9 osobn\u00ed \u00fadaje, kter\u00e9 nejsou v\u00e1z\u00e1ny z\u00e1konem.<\/p>\n<p>Ka\u017ed\u00fd subjekt \u00fadaj\u016f, kter\u00fd se domn\u00edv\u00e1, \u017ee zpracov\u00e1v\u00e1me jeho osobn\u00ed \u00fadaje, kter\u00e9 jsou v rozporu s ochranou osobn\u00edch \u00fadaj\u016f nebo ochranou soukrom\u00ed nebo maj\u00ed vliv na kvalitu osobn\u00edho \u017eivota subjektu \u00fadaj\u016f nebo jsou v rozporu se z\u00e1konem nebo t\u011bmito Z\u00e1sadami nebo jsou nep\u0159esn\u00e9, m\u00e1 pr\u00e1vo se obr\u00e1tit na n\u00e1s a po\u017e\u00e1dat o vysv\u011btlen\u00ed, p\u0159\u00edpadn\u011b o n\u00e1pravu a odstran\u011bn\u00ed z\u00e1vadn\u00e9ho stavu. Subjekt \u00fadaj\u016f m\u00e1 pr\u00e1vo kdykoliv obr\u00e1tit se na dozorov\u00fd \u00fa\u0159ad, kter\u00fdm je \u00da\u0159ad pro ochranu osobn\u00edch \u00fadaj\u016f.<\/p>\n<p><strong>Prohl\u00e1\u0161en\u00ed o pou\u017eit\u00ed cookies<\/strong><br \/>\nTyto webov\u00e9 str\u00e1nky ukl\u00e1daj\u00ed v souladu se z\u00e1kony na va\u0161e za\u0159\u00edzen\u00ed soubory, obecn\u011b naz\u00fdvan\u00e9 cookies.<\/p>\n<p><strong>Co jsou cookies?<\/strong><br \/>\nCookies jsou mal\u00e9 datov\u00e9 soubory, d\u00edky kter\u00fdm si nav\u0161t\u00edven\u00e9 webov\u00e9 str\u00e1nky str\u00e1nky pamatuj\u00ed va\u0161e \u00fakony a nastaven\u00ed, kter\u00e9 jste na nich provedli, tak\u017ee tyto \u00fadaje nemus\u00edte zad\u00e1vat opakovan\u011b. Cookies nep\u0159edstavuj\u00ed nebezpe\u010d\u00ed, maj\u00ed v\u0161ak v\u00fdznam pro ochranu soukrom\u00ed. Cookies nelze pou\u017e\u00edt pro zji\u0161t\u011bn\u00ed toto\u017enosti n\u00e1v\u0161t\u011bvn\u00edk\u016f str\u00e1nek ani ke zneu\u017eit\u00ed p\u0159ihla\u0161ovac\u00edch \u00fadaj\u016f.<\/p>\n<p><strong>Jak\u00e9 cookies pou\u017e\u00edv\u00e1me?<\/strong><br \/>\nPou\u017e\u00edv\u00e1me cookies nap\u0159\u00edklad pro zachov\u00e1n\u00ed p\u0159epnut\u00ed zobrazen\u00ed z mobiln\u00edch za\u0159\u00edzen\u00ed do PC verze webu, pro kontrolu hlasov\u00e1n\u00ed v anket\u00e1ch a dal\u0161\u00ed pro zachov\u00e1n\u00ed va\u0161ich preferenc\u00ed p\u0159i prohl\u00ed\u017een\u00ed t\u011bchto webov\u00fdch str\u00e1nek. Podrobn\u011bj\u0161\u00ed informace z\u00edsk\u00e1te na n\u00ed\u017ee uveden\u00e9m kontaktu na spr\u00e1vce webu.<\/p>\n<p>Pokud na na\u0161e str\u00e1nky p\u0159id\u00e1te koment\u00e1\u0159, m\u016f\u017eete povolit ulo\u017een\u00ed jm\u00e9na, emailov\u00e9 adresy a webov\u00e9 str\u00e1nky do cookies. T\u00edmto zp\u016fsobem se sna\u017e\u00edme zv\u00fd\u0161it v\u00e1\u0161 komfort, kdy\u017e budete ps\u00e1t nov\u00fd koment\u00e1\u0159 u\u017e pak nebudete muset tyto \u00fadaje znovu vypl\u0148ovat. Tyto soubory cookies budou m\u00edt \u017eivotnost jeden rok.<\/p>\n<p>Pokud m\u00e1te \u00fa\u010det a p\u0159ihla\u0161ujete se k tomuto webu, nastav\u00edme do\u010dasn\u00e9 cookie pro ov\u011b\u0159en\u00ed, zda v\u00e1\u0161 prohl\u00ed\u017ee\u010d p\u0159ij\u00edm\u00e1 soubory cookies. Tento soubor cookie neobsahuje \u017e\u00e1dn\u00e9 osobn\u00ed data a p\u0159i zav\u0159en\u00ed prohl\u00ed\u017ee\u010de se zru\u0161\u00ed.<\/p>\n<p>P\u0159i p\u0159ihla\u0161ov\u00e1n\u00ed v\u00e1m nastav\u00edme tak\u00e9 n\u011bkolik soubor\u016f cookies pro ulo\u017een\u00ed va\u0161ich p\u0159ihla\u0161ovac\u00edch \u00fadaj\u016f a pro nastaven\u00ed zobrazen\u00ed obrazovky. P\u0159ihla\u0161ovac\u00ed soubory cookies maj\u00ed \u017eivotnost dva dny a cookies pro nastaven\u00ed zobrazen\u00ed maj\u00ed \u017eivotnost jeden rok. Pokud potvrd\u00edte mo\u017enost \u201eZapamatovat si m\u011b\u201c, va\u0161e p\u0159ihl\u00e1\u0161en\u00ed bude trvat dva t\u00fddny. Pokud se ze sv\u00e9ho \u00fa\u010dtu odhl\u00e1s\u00edte, p\u0159ihla\u0161ovac\u00ed cookies budou odstran\u011bny.<\/p>\n<p>Pokud upravujete nebo publikujete \u010dl\u00e1nek, bude ve va\u0161em prohl\u00ed\u017ee\u010di ulo\u017een dal\u0161\u00ed cookie. Tento cookie neobsahuje \u017e\u00e1dn\u00e9 osobn\u00ed data a jednodu\u0161e ozna\u010duje ID p\u0159\u00edsp\u011bvku, kter\u00fd jste pr\u00e1v\u011b upravili. Jeho platnost vypr\u0161\u00ed po 1 dni.<\/p>\n<p><strong>M\u011b\u0159en\u00ed n\u00e1v\u0161t\u011bvnosti:<\/strong><br \/>\nP\u0159i n\u00e1v\u0161t\u011bv\u011b webu je zaznamen\u00e1na IP adresa a anonymizovan\u00e9 \u00fadaje o chov\u00e1n\u00ed n\u00e1v\u0161t\u011bvn\u00edka tj. doba setrv\u00e1n\u00ed na str\u00e1nce, odkud n\u00e1v\u0161t\u011bvn\u00edk p\u0159i\u0161el a dal\u0161\u00ed z\u00e1kladn\u00ed metrick\u00e9 \u00fadaje.<br \/>\nD\u00e1le pou\u017e\u00edv\u00e1me cookies t\u0159et\u00edch stran (nap\u0159. Google Analytics pro anal\u00fdzu n\u00e1v\u0161t\u011bvnosti). Tyto cookies jsou \u0159\u00edzeny t\u0159et\u00edmi stranami a nem\u00e1me p\u0159\u00edstup ke \u010dten\u00ed nebo z\u00e1pisu t\u011bchto dat.<\/p>\n<p><strong>Souhlas s ukl\u00e1d\u00e1n\u00edm cookies<\/strong><br \/>\nV\u011bt\u0161ina prohl\u00ed\u017ee\u010d\u016f cookies automaticky akceptuje, pokud nen\u00ed prohl\u00ed\u017ee\u010d nastaven jinak. Pou\u017eit\u00ed cookies m\u016f\u017eete omezit nebo zablokovat v nastaven\u00ed sv\u00e9ho webov\u00e9ho prohl\u00ed\u017ee\u010de. Informace o nastaven\u00ed konkr\u00e9tn\u00edho prohl\u00ed\u017ee\u010de naleznete na uveden\u00fdch adres\u00e1ch:<\/p>\n<p>Internet Explorer: windows.microsoft.com<br \/>\nGoogle Chrome: support.google.com<br \/>\nMozilla Firefox: support.mozilla.org<br \/>\nOpera: help.opera.com<br \/>\nSafari: support.apple.com<br \/>\nProhl\u00e1\u0161en\u00ed k u\u017eit\u00ed Google Translate<br \/>\nPokud je k p\u0159ekladu str\u00e1nek pou\u017eit p\u0159eklada\u010d Google, \u0159\u00edd\u00ed se jeho u\u017eit\u00ed podm\u00ednkami Google Inc.: Viz http:\/\/www.google.com\/intl\/cs\/policies.<\/p>\n","protected":false},"excerpt":{"rendered":"<p>Pro \u00fasp\u011b\u0161n\u00e9 vyu\u017e\u00edv\u00e1n\u00ed slu\u017eeb, kter\u00e9 tato webov\u00e1 str\u00e1nka nab\u00edz\u00ed, v n\u011bkter\u00fdch p\u0159\u00edpadech pot\u0159ebujeme zpracov\u00e1vat osobn\u00ed \u00fadaje u\u017eivatel\u016f. Toto zpracov\u00e1v\u00e1n\u00ed podl\u00e9h\u00e1 na\u0159\u00edzen\u00ed Evropsk\u00e9ho parlamentu a Rady 2016\/679 ze dne 27. dubna 2016 o ochran\u011b fyzick\u00fdch&#46;&#46;&#46;<\/p>\n","protected":false},"author":1,"featured_media":0,"parent":0,"menu_order":0,"comment_status":"closed","ping_status":"closed","template":"","meta":{"_sitemap_exclude":false,"_sitemap_priority":"","_sitemap_frequency":"","footnotes":""},"class_list":["post-45","page","type-page","status-publish","hentry"],"aioseo_notices":[],"_links":{"self":[{"href":"https:\/\/free-dating.eu\/cz\/wp-json\/wp\/v2\/pages\/45","targetHints":{"allow":["GET"]}}],"collection":[{"href":"https:\/\/free-dating.eu\/cz\/wp-json\/wp\/v2\/pages"}],"about":[{"href":"https:\/\/free-dating.eu\/cz\/wp-json\/wp\/v2\/types\/page"}],"author":[{"embeddable":true,"href":"https:\/\/free-dating.eu\/cz\/wp-json\/wp\/v2\/users\/1"}],"replies":[{"embeddable":true,"href":"https:\/\/free-dating.eu\/cz\/wp-json\/wp\/v2\/comments?post=45"}],"version-history":[{"count":5,"href":"https:\/\/free-dating.eu\/cz\/wp-json\/wp\/v2\/pages\/45\/revisions"}],"predecessor-version":[{"id":1068,"href":"https:\/\/free-dating.eu\/cz\/wp-json\/wp\/v2\/pages\/45\/revisions\/1068"}],"wp:attachment":[{"href":"https:\/\/free-dating.eu\/cz\/wp-json\/wp\/v2\/media?parent=45"}],"curies":[{"name":"wp","href":"https:\/\/api.w.org\/{rel}","templated":true}]}}