{"id":39,"date":"2019-04-22T14:13:38","date_gmt":"2019-04-22T12:13:38","guid":{"rendered":"https:\/\/free-dating.eu\/cz\/?page_id=39"},"modified":"2022-02-06T19:25:51","modified_gmt":"2022-02-06T18:25:51","slug":"bezplatna-internetova-seznamka-pro-nezadane-free-dating","status":"publish","type":"page","link":"https:\/\/free-dating.eu\/cz\/","title":{"rendered":"Bezplatn\u00e1 internetov\u00e1 seznamka zdarma"},"content":{"rendered":"<p><strong><a href=\"https:\/\/free-dating.eu\/cz\/\">Free Dating &#8211; Bezplatn\u00e1 internetov\u00e1 seznamka pro nezadan\u00e9<\/a> je zde pro v\u0161echny, kte\u0159\u00ed se cht\u011bj\u00ed zdarma a bez registrace sezn\u00e1mit a naj\u00edt partnera na cel\u00fd \u017eivot nebo se jen nez\u00e1vazn\u011b sezn\u00e1mit a flirtovat p\u0159es internet.<\/strong><\/p>\n<p>Zde m\u016f\u017eete snadno a b\u011bhem jedn\u00e9 minuty vytvo\u0159it bezplatn\u00fd inzer\u00e1t sezn\u00e1men\u00ed bez zdlouhav\u00e9 registrace. Po vypln\u011bn\u00ed z\u00e1kladn\u00edch \u00fadaj\u016f pot\u0159ebn\u00fdch pro rychl\u00e9 vytvo\u0159en\u00ed profilu bude okam\u017eit\u011b aktivov\u00e1n v\u00e1\u0161 inzer\u00e1t. M\u016f\u017eete si vybrat tak\u00e9 kategorii inzer\u00e1tu, flirt nebo v\u00e1\u017en\u00e9 sezn\u00e1men\u00ed. Do inzerce m\u016f\u017eete tak\u00e9 p\u0159idat facebookov\u00fd nebo instagramov\u00fd profil. Proto nev\u00e1hejte a p\u0159idejte zde i v\u00e1\u0161 inzer\u00e1t zdarma a zvy\u0161te svou \u0161anci na nalezen\u00ed vhodn\u00e9ho partnera online.<\/p>\n<p><a class=\"maxbutton-2 maxbutton maxbutton-pridat-inzerat-seznameni\" href=\"https:\/\/free-dating.eu\/cz\/inzeraty-seznameni\/pridat-inzerat-seznameni\/\"><span class='mb-text'>P\u0159idat inzer\u00e1t sezn\u00e1men\u00ed<\/span><\/a> <a class=\"maxbutton-1 maxbutton maxbutton-prochazet-inzeraty\" href=\"https:\/\/free-dating.eu\/cz\/inzeraty-seznameni\/\"><span class='mb-text'>Proch\u00e1zet inzer\u00e1ty sezn\u00e1men\u00ed<\/span><\/a><\/p>\n<p>&nbsp;<\/p>\n<p>&nbsp;<\/p>\n<p align=\"center\"><strong><span style=\"color: #dd0b0b; font-size: medium;\">\u2764 Nejlep\u0161\u00ed seznamky \u2764<\/span><\/strong><\/p>\n<div style=\"overflow-x: auto; overflow: -moz-scrollbars-horizontal;\">\n<table>\n<tbody>\n<tr>\n<td><a href=\"https:\/\/free-dating.eu\/cz\/singles50-2\/\" target=\"_blank\" rel=\"nofollow noopener noreferrer\"><img decoding=\"async\" title=\"V\u00edce o seznamce Singles50\" src=\"https:\/\/free-dating.eu\/cz\/wp-content\/uploads\/2019\/04\/singles50-logo.png\" loading=\"lazy\" alt=\"Seznamka Singles50\" width=\"110\" height=\"95\"\/><\/a><\/td>\n<td><strong>Seznamka Singles50 je pouze pro singles star\u0161\u00ed 40 let v\u00e1\u017en\u011b.<\/strong><\/td>\n<td><a class=\"maxbutton-3 maxbutton maxbutton-singles50\" rel=\"nofollow noopener\" href=\"https:\/\/free-dating.eu\/cz\/singles50\/\"><span class='mb-text'>Sezn\u00e1mit se!<\/span><\/a><\/td>\n<\/tr>\n<tr>\n<td><a href=\"https:\/\/free-dating.eu\/cz\/be2-2\/\" target=\"_blank\" rel=\"nofollow noopener noreferrer\"><img decoding=\"async\" title=\"V\u00edce o seznamce Be2\" src=\"https:\/\/free-dating.eu\/cz\/wp-content\/uploads\/2019\/04\/be2.png\" loading=\"lazy\" alt=\"Seznamka Be2\" width=\"110\" height=\"80\"\/><\/a><\/td>\n<td><strong>Seznamka pro v\u00e1\u017en\u00fd vztah nad 30 let.<\/strong><\/td>\n<td><a class=\"maxbutton-5 maxbutton maxbutton-be2\" rel=\"nofollow noopener\" href=\"https:\/\/free-dating.eu\/cz\/be2\/\"><span class='mb-text'>Sezn\u00e1mit se!<\/span><\/a><\/td>\n<\/tr>\n<tr>\n<td><a href=\"https:\/\/free-dating.eu\/cz\/edarling-2\/\" target=\"_blank\" rel=\"nofollow noopener noreferrer\"><img decoding=\"async\" title=\"V\u00edce o Seznamce Edarling\" src=\"https:\/\/free-dating.eu\/cz\/wp-content\/uploads\/2019\/04\/edarling-logo.png\" loading=\"lazy\" alt=\"Seznamka Edarling\" width=\"110\" height=\"60\"\/><\/a><\/td>\n<td><strong>Seznamka Edarling pro n\u00e1ro\u010dn\u00e9 pokud hled\u00e1te v\u00e1\u017en\u00fd vztah.<\/strong><\/td>\n<td><a class=\"maxbutton-4 maxbutton maxbutton-edarling\" rel=\"nofollow noopener\" href=\"https:\/\/free-dating.eu\/cz\/edarling\/\"><span class='mb-text'>Sezn\u00e1mit se!<\/span><\/a><\/td>\n<\/tr>\n<tr>\n<td><a href=\"https:\/\/free-dating.eu\/cz\/flirtkontakt-2\/\" target=\"_blank\" rel=\"noopener\"><img decoding=\"async\" title=\"V\u00edce o seznamce Flirtkontakt\" src=\"https:\/\/free-dating.eu\/cz\/wp-content\/uploads\/2019\/04\/flirtkontakt-log.png\" loading=\"lazy\" alt=\"Seznamka Flirtkontakt\" width=\"110\" height=\"40\"\/><\/a><\/td>\n<td><strong>Flirtkontakt je pouze \u010desk\u00e1 seznamka pro ka\u017ed\u00e9ho kdo si chce zaflirtovat. \u017deny zde maj\u00ed pln\u00e9 \u010dlenstv\u00ed zdarma.<\/strong><\/td>\n<td><a class=\"maxbutton-9 maxbutton maxbutton-flirtkontakt\" rel=\"nofollow noopener\" href=\"https:\/\/free-dating.eu\/cz\/flirtkontakt-direct\/\"><span class='mb-text'>Sezn\u00e1mit se!<\/span><\/a><\/td>\n<\/tr>\n<\/tbody>\n<\/table>\n<\/div>\n<p align=\"center\"><a title=\"Zobrazit nejlep\u0161\u00ed seznamky\" href=\"https:\/\/free-dating.eu\/cz\/srovnani-11-nejlepsich-seznamek-v-cr\/\"><strong><span style=\"color: #dd0b0b; font-size: large;\">Zobrazit cel\u00e9 porovn\u00e1n\u00ed seznamek &gt;&gt;<\/span><\/strong><\/a><\/p>\n","protected":false},"excerpt":{"rendered":"<p>Free Dating &#8211; Bezplatn\u00e1 internetov\u00e1 seznamka pro nezadan\u00e9 je zde pro v\u0161echny, kte\u0159\u00ed se cht\u011bj\u00ed zdarma a bez registrace sezn\u00e1mit a naj\u00edt partnera na cel\u00fd \u017eivot nebo se jen nez\u00e1vazn\u011b sezn\u00e1mit a flirtovat p\u0159es&#46;&#46;&#46;<\/p>\n","protected":false},"author":1,"featured_media":0,"parent":0,"menu_order":0,"comment_status":"closed","ping_status":"closed","template":"","meta":{"_sitemap_exclude":false,"_sitemap_priority":"","_sitemap_frequency":"","footnotes":""},"class_list":["post-39","page","type-page","status-publish","hentry"],"aioseo_notices":[],"_links":{"self":[{"href":"https:\/\/free-dating.eu\/cz\/wp-json\/wp\/v2\/pages\/39","targetHints":{"allow":["GET"]}}],"collection":[{"href":"https:\/\/free-dating.eu\/cz\/wp-json\/wp\/v2\/pages"}],"about":[{"href":"https:\/\/free-dating.eu\/cz\/wp-json\/wp\/v2\/types\/page"}],"author":[{"embeddable":true,"href":"https:\/\/free-dating.eu\/cz\/wp-json\/wp\/v2\/users\/1"}],"replies":[{"embeddable":true,"href":"https:\/\/free-dating.eu\/cz\/wp-json\/wp\/v2\/comments?post=39"}],"version-history":[{"count":16,"href":"https:\/\/free-dating.eu\/cz\/wp-json\/wp\/v2\/pages\/39\/revisions"}],"predecessor-version":[{"id":1007,"href":"https:\/\/free-dating.eu\/cz\/wp-json\/wp\/v2\/pages\/39\/revisions\/1007"}],"wp:attachment":[{"href":"https:\/\/free-dating.eu\/cz\/wp-json\/wp\/v2\/media?parent=39"}],"curies":[{"name":"wp","href":"https:\/\/api.w.org\/{rel}","templated":true}]}}